{"id":6,"date":"2021-01-16T19:34:46","date_gmt":"2021-01-16T18:34:46","guid":{"rendered":"http:\/\/wtbzdcu.cluster030.hosting.ovh.net\/?page_id=6"},"modified":"2026-01-26T11:51:57","modified_gmt":"2026-01-26T10:51:57","slug":"a-propos","status":"publish","type":"page","link":"https:\/\/clothilde-colombo.com\/index.php\/a-propos\/","title":{"rendered":"A propos"},"content":{"rendered":"\n<div class=\"wp-block-media-text alignwide has-media-on-the-right is-stacked-on-mobile\"><div class=\"wp-block-media-text__content\">\n<p class=\"has-normal-font-size\"><strong>Je propose aux cavaliers une \u00e9quitation de qualit\u00e9 bas\u00e9e sur la communication avec le cheval et sur un dressage classique effectu\u00e9 dans le respect de l\u2019int\u00e9grit\u00e9 physique et morale de celui-ci. Les s\u00e9ances se font \u00e0 pied ou \u00e0 cheval et sont adapt\u00e9es aux besoins du couple cavalier\/cheval pour progresser pas \u00e0 pas.<\/strong><\/p>\n\n\n\n<p><strong>Mon approche du cheval est globale et ma priorit\u00e9 est que celui-ci se sente bien dans son corps et dans sa t\u00eate pour pouvoir \u00eatre au mieux aupr\u00e8s de son cavalier. J&rsquo;accorde donc une importance capitale \u00e0 ce qui constitue la base d&rsquo;un cheval en forme et heureux : conditions de vie adapt\u00e9es aux besoins du cheval, nutrition, podologie\/mar\u00e9chalerie, ost\u00e9opathie, dentisterie, adaptation du mat\u00e9riel&#8230; En cas de besoin je vous aide et vous conseille sur tous ces sujets.<\/strong><\/p>\n\n\n\n<p class=\"has-normal-font-size\"><strong>Enseignante d&rsquo;\u00e9quitation depuis 2010 je me d\u00e9place pour vous faire cours et travailler votre cheval dans le Bas-Rhin (secteurs de Molsheim, Truchtersheim et Geispolsheim).<\/strong><\/p>\n\n\n\n<p class=\"has-normal-font-size\"><\/p>\n<\/div><figure class=\"wp-block-media-text__media\"><img loading=\"lazy\" decoding=\"async\" width=\"1024\" height=\"588\" src=\"http:\/\/clothilde-colombo.com\/wp-content\/uploads\/2021\/05\/cropped-VID_20210525_182728_Moment3-1024x588.jpg\" alt=\"\" class=\"wp-image-2072 size-full\" srcset=\"https:\/\/clothilde-colombo.com\/wp-content\/uploads\/2021\/05\/cropped-VID_20210525_182728_Moment3-1024x588.jpg 1024w, https:\/\/clothilde-colombo.com\/wp-content\/uploads\/2021\/05\/cropped-VID_20210525_182728_Moment3-300x172.jpg 300w, https:\/\/clothilde-colombo.com\/wp-content\/uploads\/2021\/05\/cropped-VID_20210525_182728_Moment3-768x441.jpg 768w, https:\/\/clothilde-colombo.com\/wp-content\/uploads\/2021\/05\/cropped-VID_20210525_182728_Moment3-1536x883.jpg 1536w, https:\/\/clothilde-colombo.com\/wp-content\/uploads\/2021\/05\/cropped-VID_20210525_182728_Moment3-522x300.jpg 522w, https:\/\/clothilde-colombo.com\/wp-content\/uploads\/2021\/05\/cropped-VID_20210525_182728_Moment3.jpg 1615w\" sizes=\"auto, (max-width: 1024px) 100vw, 1024px\" \/><\/figure><\/div>\n\n\n\n<div class=\"wp-block-media-text alignwide is-stacked-on-mobile\"><figure class=\"wp-block-media-text__media\"><img loading=\"lazy\" decoding=\"async\" width=\"1024\" height=\"640\" src=\"http:\/\/clothilde-colombo.com\/wp-content\/uploads\/2021\/03\/CSO-Truchtersheim-2017.06.30-edited-1024x640.jpg\" alt=\"\" class=\"wp-image-2024 size-full\" srcset=\"https:\/\/clothilde-colombo.com\/wp-content\/uploads\/2021\/03\/CSO-Truchtersheim-2017.06.30-edited-1024x640.jpg 1024w, https:\/\/clothilde-colombo.com\/wp-content\/uploads\/2021\/03\/CSO-Truchtersheim-2017.06.30-edited-300x187.jpg 300w, https:\/\/clothilde-colombo.com\/wp-content\/uploads\/2021\/03\/CSO-Truchtersheim-2017.06.30-edited-768x480.jpg 768w, https:\/\/clothilde-colombo.com\/wp-content\/uploads\/2021\/03\/CSO-Truchtersheim-2017.06.30-edited-1536x960.jpg 1536w, https:\/\/clothilde-colombo.com\/wp-content\/uploads\/2021\/03\/CSO-Truchtersheim-2017.06.30-edited-2048x1280.jpg 2048w, https:\/\/clothilde-colombo.com\/wp-content\/uploads\/2021\/03\/CSO-Truchtersheim-2017.06.30-edited-480x300.jpg 480w\" sizes=\"auto, (max-width: 1024px) 100vw, 1024px\" \/><\/figure><div class=\"wp-block-media-text__content\">\n<p class=\"has-accent-1-color has-text-color has-large-font-size\">FORMATIONS<\/p>\n\n\n\n<p><strong>2025 &#8211; Equine Hanna Somatic<\/strong> intro<strong> <\/strong>course \/ <strong>Equine Bodywork online<\/strong> \/ <strong>Equine tensegrity balancing therapy<\/strong> (Tami Elkayam) : horse owners class + Simple Fix to Scapular Asymmetry and Balancing the Thoracic Sling Function<\/p>\n\n\n\n<p><strong>2024 &#8211; Equine touch<\/strong> Level 1<\/p>\n\n\n\n<p><strong>2023 <\/strong>&#8211; <strong>Fundamentals of horse posture<\/strong> (Yasmine Stuart)<\/p>\n\n\n\n<p><strong>2023 <\/strong>&#8211; Self study course <strong>Lazaris Nerve Release<\/strong> + Master Class <strong>Balance Trough Movement Method<\/strong><\/p>\n\n\n\n<p class=\"has-normal-font-size\"><strong>2022 <\/strong>&#8211; Cours avec Anja Hass, instructrice de l&rsquo;\u00e9cole de Bent Branderup, <strong>The Academic art of Riding<\/strong><\/p>\n\n\n\n<p class=\"has-normal-font-size\"><strong>2013 \u00e0 2015<\/strong> &#8211; Stages avec <strong>Pierre Beaup\u00e8re<\/strong><\/p>\n\n\n\n<p class=\"has-normal-font-size\"><strong>2011 \u00e0 2012<\/strong> &#8211; Stages avec des instructeurs de <strong>\u00ab\u00a0l&rsquo;Ecole de L\u00e9g\u00e8ret\u00e9\u00a0\u00bb<\/strong> (Bertrand Ravoux, Dominique Belaud et Gunnar Wiedner) + Formation en ligne <strong>Dressage Naturally &#8211;<\/strong> <strong>Karen Rohlf<\/strong><\/p>\n\n\n\n<p class=\"has-normal-font-size\"><strong>2011 <\/strong>&#8211; Working student au Haras Naturel du Plessis, formation <strong>Parelli<\/strong><\/p>\n\n\n\n<p class=\"has-normal-font-size\"><strong>2010 <\/strong>&#8211; <strong>BPJEPS \u00e9quitation<\/strong><\/p>\n<\/div><\/div>\n\n\n\n<figure class=\"wp-block-embed is-type-video is-provider-youtube wp-block-embed-youtube wp-embed-aspect-16-9 wp-has-aspect-ratio\"><div class=\"wp-block-embed__wrapper\">\n<iframe loading=\"lazy\" title=\"Ody - Dressage - 19.05.2021\" width=\"1599\" height=\"899\" src=\"https:\/\/www.youtube.com\/embed\/KQeD5w1H_xE?start=49&#038;feature=oembed\" frameborder=\"0\" allow=\"accelerometer; autoplay; clipboard-write; encrypted-media; gyroscope; picture-in-picture; web-share\" referrerpolicy=\"strict-origin-when-cross-origin\" allowfullscreen><\/iframe>\n<\/div><\/figure>\n\n\n\n<p><\/p>\n","protected":false},"excerpt":{"rendered":"<p>Je propose aux cavaliers une \u00e9quitation de qualit\u00e9 bas\u00e9e sur la communication avec le cheval et sur un dressage classique effectu\u00e9 dans le respect de &hellip;<\/p>\n","protected":false},"author":1,"featured_media":2057,"parent":0,"menu_order":0,"comment_status":"closed","ping_status":"closed","template":"","meta":{"footnotes":""},"class_list":["post-6","page","type-page","status-publish","has-post-thumbnail","hentry"],"_links":{"self":[{"href":"https:\/\/clothilde-colombo.com\/index.php\/wp-json\/wp\/v2\/pages\/6","targetHints":{"allow":["GET"]}}],"collection":[{"href":"https:\/\/clothilde-colombo.com\/index.php\/wp-json\/wp\/v2\/pages"}],"about":[{"href":"https:\/\/clothilde-colombo.com\/index.php\/wp-json\/wp\/v2\/types\/page"}],"author":[{"embeddable":true,"href":"https:\/\/clothilde-colombo.com\/index.php\/wp-json\/wp\/v2\/users\/1"}],"replies":[{"embeddable":true,"href":"https:\/\/clothilde-colombo.com\/index.php\/wp-json\/wp\/v2\/comments?post=6"}],"version-history":[{"count":24,"href":"https:\/\/clothilde-colombo.com\/index.php\/wp-json\/wp\/v2\/pages\/6\/revisions"}],"predecessor-version":[{"id":2422,"href":"https:\/\/clothilde-colombo.com\/index.php\/wp-json\/wp\/v2\/pages\/6\/revisions\/2422"}],"wp:featuredmedia":[{"embeddable":true,"href":"https:\/\/clothilde-colombo.com\/index.php\/wp-json\/wp\/v2\/media\/2057"}],"wp:attachment":[{"href":"https:\/\/clothilde-colombo.com\/index.php\/wp-json\/wp\/v2\/media?parent=6"}],"curies":[{"name":"wp","href":"https:\/\/api.w.org\/{rel}","templated":true}]}}