{"id":220,"date":"2021-01-15T22:02:15","date_gmt":"2021-01-15T21:02:15","guid":{"rendered":"http:\/\/wtbzdcu.cluster030.hosting.ovh.net\/?page_id=220"},"modified":"2023-11-26T20:24:28","modified_gmt":"2023-11-26T19:24:28","slug":"contact","status":"publish","type":"page","link":"https:\/\/clothilde-colombo.com\/index.php\/contact\/","title":{"rendered":"Contact"},"content":{"rendered":"\n<div class=\"wp-block-media-text alignwide is-stacked-on-mobile\"><figure class=\"wp-block-media-text__media\"><img loading=\"lazy\" decoding=\"async\" width=\"1024\" height=\"768\" src=\"http:\/\/wtbzdcu.cluster030.hosting.ovh.net\/wp-content\/uploads\/2021\/01\/IMG-20190327-WA0013.jpg\" alt=\"\" class=\"wp-image-1858 size-full\" srcset=\"https:\/\/clothilde-colombo.com\/wp-content\/uploads\/2021\/01\/IMG-20190327-WA0013.jpg 1024w, https:\/\/clothilde-colombo.com\/wp-content\/uploads\/2021\/01\/IMG-20190327-WA0013-300x225.jpg 300w, https:\/\/clothilde-colombo.com\/wp-content\/uploads\/2021\/01\/IMG-20190327-WA0013-768x576.jpg 768w, https:\/\/clothilde-colombo.com\/wp-content\/uploads\/2021\/01\/IMG-20190327-WA0013-400x300.jpg 400w\" sizes=\"auto, (max-width: 1024px) 100vw, 1024px\" \/><\/figure><div class=\"wp-block-media-text__content\">\n<p>Actuellement en train de me former et de r\u00e9envisager mon activit\u00e9 \u00e9questre professionnelle diff\u00e9remment, je ne propose pas de prestation. Je ne suis donc PAS DISPONIBLE pour des cours ou des s\u00e9ances de travail des chevaux. <\/p>\n\n\n\n<p class=\"has-accent-1-color has-text-color has-large-font-size\"><strong>Clothilde Colombo<\/strong><\/p>\n\n\n\n<p class=\"has-accent-1-color has-text-color\"><strong>06 28 35 17 40<\/strong><\/p>\n\n\n\n<p class=\"has-accent-1-color has-text-color\"><strong>clothilde.colombo@gmail.com<\/strong><\/p>\n<\/div><\/div>\n","protected":false},"excerpt":{"rendered":"<p>Actuellement en train de me former et de r\u00e9envisager mon activit\u00e9 \u00e9questre professionnelle diff\u00e9remment, je ne propose pas de prestation. Je ne suis donc PAS &hellip;<\/p>\n","protected":false},"author":1,"featured_media":1788,"parent":0,"menu_order":0,"comment_status":"closed","ping_status":"closed","template":"","meta":{"footnotes":""},"class_list":["post-220","page","type-page","status-publish","has-post-thumbnail","hentry"],"_links":{"self":[{"href":"https:\/\/clothilde-colombo.com\/index.php\/wp-json\/wp\/v2\/pages\/220","targetHints":{"allow":["GET"]}}],"collection":[{"href":"https:\/\/clothilde-colombo.com\/index.php\/wp-json\/wp\/v2\/pages"}],"about":[{"href":"https:\/\/clothilde-colombo.com\/index.php\/wp-json\/wp\/v2\/types\/page"}],"author":[{"embeddable":true,"href":"https:\/\/clothilde-colombo.com\/index.php\/wp-json\/wp\/v2\/users\/1"}],"replies":[{"embeddable":true,"href":"https:\/\/clothilde-colombo.com\/index.php\/wp-json\/wp\/v2\/comments?post=220"}],"version-history":[{"count":8,"href":"https:\/\/clothilde-colombo.com\/index.php\/wp-json\/wp\/v2\/pages\/220\/revisions"}],"predecessor-version":[{"id":2249,"href":"https:\/\/clothilde-colombo.com\/index.php\/wp-json\/wp\/v2\/pages\/220\/revisions\/2249"}],"wp:featuredmedia":[{"embeddable":true,"href":"https:\/\/clothilde-colombo.com\/index.php\/wp-json\/wp\/v2\/media\/1788"}],"wp:attachment":[{"href":"https:\/\/clothilde-colombo.com\/index.php\/wp-json\/wp\/v2\/media?parent=220"}],"curies":[{"name":"wp","href":"https:\/\/api.w.org\/{rel}","templated":true}]}}