{"id":1739,"date":"2021-01-16T22:37:45","date_gmt":"2021-01-16T21:37:45","guid":{"rendered":"http:\/\/wtbzdcu.cluster030.hosting.ovh.net\/?page_id=1739"},"modified":"2026-01-26T11:55:10","modified_gmt":"2026-01-26T10:55:10","slug":"ody","status":"publish","type":"page","link":"https:\/\/clothilde-colombo.com\/index.php\/ody\/","title":{"rendered":"Ody"},"content":{"rendered":"\n<div class=\"wp-block-media-text alignwide is-stacked-on-mobile\" style=\"grid-template-columns:27% auto\"><figure class=\"wp-block-media-text__media\"><img loading=\"lazy\" decoding=\"async\" width=\"640\" height=\"960\" src=\"http:\/\/wtbzdcu.cluster030.hosting.ovh.net\/wp-content\/uploads\/2021\/01\/Ody-ete-2011-12.jpg\" alt=\"\" class=\"wp-image-1742 size-full\" srcset=\"https:\/\/clothilde-colombo.com\/wp-content\/uploads\/2021\/01\/Ody-ete-2011-12.jpg 640w, https:\/\/clothilde-colombo.com\/wp-content\/uploads\/2021\/01\/Ody-ete-2011-12-200x300.jpg 200w, https:\/\/clothilde-colombo.com\/wp-content\/uploads\/2021\/01\/Ody-ete-2011-12-64x96.jpg 64w\" sizes=\"auto, (max-width: 640px) 100vw, 640px\" \/><\/figure><div class=\"wp-block-media-text__content\">\n<p class=\"has-accent-1-color has-text-color has-large-font-size\"><strong><em>Odypost alias Ody<\/em><\/strong><\/p>\n\n\n\n<p><strong>Trotteur fran\u00e7ais hongre<\/strong><\/p>\n\n\n\n<p><strong>N\u00e9 le 27 mai 2002<\/strong><\/p>\n\n\n\n<p><strong>Par C\u00e8dre du Vivier et Vladiposte<\/strong><\/p>\n\n\n\n<p><\/p>\n<\/div><\/div>\n\n\n\n<p><\/p>\n\n\n\n<div class=\"wp-block-group alignwide\"><div class=\"wp-block-group__inner-container is-layout-flow wp-block-group-is-layout-flow\">\n<div class=\"wp-block-media-text alignwide has-media-on-the-right is-stacked-on-mobile\" style=\"grid-template-columns:auto 36%\"><div class=\"wp-block-media-text__content\">\n<p><strong><strong>Ody est entr\u00e9 dans ma vie le 25 juin 2006. Il est r\u00e9form\u00e9 des courses de trot attel\u00e9 par manque de gains apr\u00e8s une courte carri\u00e8re. Il est \u00e0 l&rsquo;origine de toutes mes r\u00e9flexions \u00e9questres et a su m&rsquo;amener l\u00e0 o\u00f9 je ne pensais pas aller. Aujourd&rsquo;hui Ody est un cheval d&rsquo;exp\u00e9rience parfaitement polyvalent.<\/strong> Il est intelligent, gentil, patient et donne toujours le meilleur de lui-m\u00eame malgr\u00e9 ses moyens modestes. Petit cheval plein de finesse, sensible mais aussi d\u00e9licat \u00e0 monter.<\/strong><\/p>\n\n\n\n<p><strong>Je suis reconnaissante que l&rsquo;on m&rsquo;ait offert un tel compagnon. Tous les jours je me r\u00e9jouis \u00e0 l&rsquo;id\u00e9e de passer du temps avec lui, \u00e0 l&rsquo;id\u00e9e que l&rsquo;on progresse ensemble.<\/strong><\/p>\n\n\n\n<p><strong>Mon plus grand ma\u00eetre \u00e9questre, Ody. Merci!<\/strong><\/p>\n<\/div><figure class=\"wp-block-media-text__media\"><img loading=\"lazy\" decoding=\"async\" width=\"731\" height=\"898\" src=\"http:\/\/wtbzdcu.cluster030.hosting.ovh.net\/wp-content\/uploads\/2021\/01\/Ody29.10.2011-4-1-e1610951639340.jpg\" alt=\"\" class=\"wp-image-1749 size-full\" srcset=\"https:\/\/clothilde-colombo.com\/wp-content\/uploads\/2021\/01\/Ody29.10.2011-4-1-e1610951639340.jpg 731w, https:\/\/clothilde-colombo.com\/wp-content\/uploads\/2021\/01\/Ody29.10.2011-4-1-e1610951639340-244x300.jpg 244w\" sizes=\"auto, (max-width: 731px) 100vw, 731px\" \/><\/figure><\/div>\n<\/div><\/div>\n\n\n\n<p><\/p>\n","protected":false},"excerpt":{"rendered":"<p>Odypost alias Ody Trotteur fran\u00e7ais hongre N\u00e9 le 27 mai 2002 Par C\u00e8dre du Vivier et Vladiposte Ody est entr\u00e9 dans ma vie le 25 &hellip;<\/p>\n","protected":false},"author":1,"featured_media":2105,"parent":0,"menu_order":0,"comment_status":"closed","ping_status":"closed","template":"","meta":{"footnotes":""},"class_list":["post-1739","page","type-page","status-publish","has-post-thumbnail","hentry"],"_links":{"self":[{"href":"https:\/\/clothilde-colombo.com\/index.php\/wp-json\/wp\/v2\/pages\/1739","targetHints":{"allow":["GET"]}}],"collection":[{"href":"https:\/\/clothilde-colombo.com\/index.php\/wp-json\/wp\/v2\/pages"}],"about":[{"href":"https:\/\/clothilde-colombo.com\/index.php\/wp-json\/wp\/v2\/types\/page"}],"author":[{"embeddable":true,"href":"https:\/\/clothilde-colombo.com\/index.php\/wp-json\/wp\/v2\/users\/1"}],"replies":[{"embeddable":true,"href":"https:\/\/clothilde-colombo.com\/index.php\/wp-json\/wp\/v2\/comments?post=1739"}],"version-history":[{"count":19,"href":"https:\/\/clothilde-colombo.com\/index.php\/wp-json\/wp\/v2\/pages\/1739\/revisions"}],"predecessor-version":[{"id":2424,"href":"https:\/\/clothilde-colombo.com\/index.php\/wp-json\/wp\/v2\/pages\/1739\/revisions\/2424"}],"wp:featuredmedia":[{"embeddable":true,"href":"https:\/\/clothilde-colombo.com\/index.php\/wp-json\/wp\/v2\/media\/2105"}],"wp:attachment":[{"href":"https:\/\/clothilde-colombo.com\/index.php\/wp-json\/wp\/v2\/media?parent=1739"}],"curies":[{"name":"wp","href":"https:\/\/api.w.org\/{rel}","templated":true}]}}